{"id":2,"date":"2025-11-16T15:22:26","date_gmt":"2025-11-16T15:22:26","guid":{"rendered":"http:\/\/bellede.cluster121.hosting.ovh.net\/?page_id=2"},"modified":"2025-11-26T05:30:36","modified_gmt":"2025-11-26T05:30:36","slug":"sample-page","status":"publish","type":"page","link":"https:\/\/www.belledonne-tss.com\/index.php\/sample-page\/","title":{"rendered":"Services"},"content":{"rendered":"\t\t<div data-elementor-type=\"wp-page\" data-elementor-id=\"2\" class=\"elementor elementor-2\">\n\t\t\t\t<div class=\"elementor-element elementor-element-62046672 e-flex e-con-boxed e-con e-parent\" data-id=\"62046672\" data-element_type=\"container\" data-e-type=\"container\">\n\t\t\t\t\t<div class=\"e-con-inner\">\n\t\t\t\t<div class=\"elementor-element elementor-element-22eceb46 elementor-widget elementor-widget-text-editor\" data-id=\"22eceb46\" data-element_type=\"widget\" data-e-type=\"widget\" data-widget_type=\"text-editor.default\">\n\t\t\t\t\t\t\t\t\t\n<p>\ud83d\udd10 1. S\u00e9curit\u00e9 informatique<\/p>\n\n<p>Certifi\u00e9 ISO27001 Lead implementer, je vous accompagne pour \u00e9lever le niveau de s\u00e9curit\u00e9 de votre organisation, r\u00e9pondre aux exigences r\u00e9glementaires, et anticiper les risques.<\/p>\n\n<p>Services propos\u00e9s :<\/p>\n\n<ul class=\"wp-block-list\">\n<li>Audit de s\u00e9curit\u00e9 technique et organisationnel<\/li>\n\n<li>Mise en s\u00e9curit\u00e9 des infrastructures et applications<\/li>\n\n<li>Pr\u00e9paration aux certifications (ISO 27001, HDS, etc.)<\/li>\n\n<li>Gestion de crises cyber (r\u00e9ponse \u00e0 incident, coordination technique, communication)<\/li>\n<\/ul>\n\n<p>\ud83e\udde9 2. Gestion de projets IT \u2013 Infrastructure, S\u00e9curit\u00e9, D\u00e9veloppement<\/p>\n\n<p>J\u2019assure le pilotage de projets \u00e0 forts enjeux techniques et organisationnels, avec un focus particulier sur la performance, la s\u00e9curit\u00e9 et la ma\u00eetrise des co\u00fbts.<\/p>\n\n<p>Exemples de missions men\u00e9es :<\/p>\n\n<ul class=\"wp-block-list\">\n<li>Stabilisation et optimisation de services SAAS en production<\/li>\n\n<li>Projets de migration vers le cloud (&#8220;lift and shift&#8221;) ou entre datacenters<\/li>\n\n<li>Replatforming et modernisation des stacks techniques<\/li>\n\n<li>Mise en \u0153uvre de strat\u00e9gies FinOps pour optimiser les co\u00fbts cloud<\/li>\n\n<li>R\u00e9duction de la d\u00e9pendance \u00e0 un fournisseur cloud (cloud portability, strat\u00e9gie multicloud)<\/li>\n<\/ul>\n\n<p>\ud83d\ude80 3. Conception &amp; Lancement d\u2019Offres SAAS<\/p>\n\n<p>J\u2019interviens d\u00e8s les premi\u00e8res phases de conception de votre offre SAAS pour garantir un alignement entre la strat\u00e9gie produit et les exigences techniques et op\u00e9rationnelles.<\/p>\n\n<p>Approche compl\u00e8te et transverse :<\/p>\n\n<ul class=\"wp-block-list\">\n<li>Positionnement &amp; marketing strat\u00e9gique<\/li>\n\n<li>Architecture technique (infra, DevOps, s\u00e9curit\u00e9)<\/li>\n\n<li>Mod\u00e8le de support client &amp; organisation projet<\/li>\n\n<li>Structuration du pilotage de l\u2019offre et des indicateurs de performance<\/li>\n<\/ul>\n\n<p>\ud83e\udded 4. Management de transition \u2013 IT &amp; Op\u00e9rations<\/p>\n\n<p>J\u2019interviens en renfort ou remplacement temporaire de vos \u00e9quipes dirigeantes IT pour structurer, acc\u00e9l\u00e9rer ou s\u00e9curiser vos projets de transformation.<\/p>\n\n<p>\u00a0<\/p>\n\n<ul>\n<li>Gestion d&#8217;op\u00e9rations SAAS \u00e0 fort enjeu (scale-up, restructuration, internationalisation)<\/li>\n<li>Direction des op\u00e9rations et de l\u2019infrastructure<\/li>\n<li>Due diligence IT dans le cadre de fusions\/acquisitions<\/li>\n<li>Carve-out techniques (extraction d\u2019actifs IT)<\/li>\n<\/ul>\n\t\t\t\t\t\t\t\t<\/div>\n\t\t\t\t\t<\/div>\n\t\t\t\t<\/div>\n\t\t\t\t<\/div>\n\t\t","protected":false},"excerpt":{"rendered":"<p>\ud83d\udd10 1. S\u00e9curit\u00e9 informatique Certifi\u00e9 ISO27001 Lead implementer, je vous accompagne pour \u00e9lever le niveau de s\u00e9curit\u00e9 de votre organisation, r\u00e9pondre aux exigences r\u00e9glementaires, et anticiper les risques. Services propos\u00e9s : \ud83e\udde9 2. Gestion de projets IT \u2013 Infrastructure, S\u00e9curit\u00e9, D\u00e9veloppement J\u2019assure le pilotage de projets \u00e0 forts enjeux techniques et organisationnels, avec un focus [&hellip;]<\/p>\n","protected":false},"author":1,"featured_media":0,"parent":0,"menu_order":0,"comment_status":"closed","ping_status":"open","template":"","meta":{"footnotes":""},"class_list":["post-2","page","type-page","status-publish","hentry"],"_links":{"self":[{"href":"https:\/\/www.belledonne-tss.com\/index.php\/wp-json\/wp\/v2\/pages\/2","targetHints":{"allow":["GET"]}}],"collection":[{"href":"https:\/\/www.belledonne-tss.com\/index.php\/wp-json\/wp\/v2\/pages"}],"about":[{"href":"https:\/\/www.belledonne-tss.com\/index.php\/wp-json\/wp\/v2\/types\/page"}],"author":[{"embeddable":true,"href":"https:\/\/www.belledonne-tss.com\/index.php\/wp-json\/wp\/v2\/users\/1"}],"replies":[{"embeddable":true,"href":"https:\/\/www.belledonne-tss.com\/index.php\/wp-json\/wp\/v2\/comments?post=2"}],"version-history":[{"count":3,"href":"https:\/\/www.belledonne-tss.com\/index.php\/wp-json\/wp\/v2\/pages\/2\/revisions"}],"predecessor-version":[{"id":20,"href":"https:\/\/www.belledonne-tss.com\/index.php\/wp-json\/wp\/v2\/pages\/2\/revisions\/20"}],"wp:attachment":[{"href":"https:\/\/www.belledonne-tss.com\/index.php\/wp-json\/wp\/v2\/media?parent=2"}],"curies":[{"name":"wp","href":"https:\/\/api.w.org\/{rel}","templated":true}]}}